{"id":216,"date":"2020-09-16T15:06:29","date_gmt":"2020-09-16T15:06:29","guid":{"rendered":"https:\/\/www.lundi-vert.fr\/?page_id=216"},"modified":"2020-09-23T15:35:14","modified_gmt":"2020-09-23T15:35:14","slug":"qui-sommes-nous","status":"publish","type":"page","link":"https:\/\/www.lundi-vert.fr\/index.php\/qui-sommes-nous\/","title":{"rendered":"Qui sommes nous ?"},"content":{"rendered":"\n<p>Lundi Vert est une action de mobilisation en faveur de l&#8217;alimentation sans viande ni poisson un jour par semaine.<\/p>\n\n\n\n<p> Lanc\u00e9 en janvier 2019 par 500 personnalit\u00e9s (dont une majorit\u00e9 de chercheurs, mais aussi des artistes, sportifs, politiques), il  repr\u00e9sente une mani\u00e8re efficace d&#8217;agir pour l&#8217;environnement et pour sa propre sant\u00e9 et de diminuer le nombre d&#8217;animaux utilis\u00e9s pour la consommation humaine. <\/p>\n\n\n\n<p>&nbsp;Il est coordonn\u00e9 par Laurent B\u00e8gue-Shankland, professeur \u00e0 l&#8217;Universit\u00e9 Grenoble Alpes et directeur de la Maison des Sciences de l&#8217;Homme Alpes (UGA\/CNRS) et par Nicolas Treich, directeur de recherche \u00e0 l&#8217;INRAE, Toulouse School of Economics.&nbsp;<\/p>\n\n\n\n<p>L&#8217;une des sp\u00e9cificit\u00e9s du Lundi Vert est de coupler une campagne de changement alimentaire \u00e0 un protocole de recherche impliquant des universitaires et chercheurs issus de plusieurs disciplines et universit\u00e9s.<\/p>\n","protected":false},"excerpt":{"rendered":"<p>Lundi Vert est une action de mobilisation en faveur de l&#8217;alimentation sans viande ni poisson un jour par semaine. Lanc\u00e9 en janvier 2019 par 500 personnalit\u00e9s (dont une majorit\u00e9 de chercheurs, mais aussi des artistes, sportifs, politiques), il repr\u00e9sente une mani\u00e8re efficace d&#8217;agir pour l&#8217;environnement et pour sa propre sant\u00e9 [&hellip;]<\/p>\n","protected":false},"author":1,"featured_media":0,"parent":0,"menu_order":0,"comment_status":"closed","ping_status":"closed","template":"","meta":{"footnotes":""},"class_list":["post-216","page","type-page","status-publish","hentry"],"_links":{"self":[{"href":"https:\/\/www.lundi-vert.fr\/index.php\/wp-json\/wp\/v2\/pages\/216","targetHints":{"allow":["GET"]}}],"collection":[{"href":"https:\/\/www.lundi-vert.fr\/index.php\/wp-json\/wp\/v2\/pages"}],"about":[{"href":"https:\/\/www.lundi-vert.fr\/index.php\/wp-json\/wp\/v2\/types\/page"}],"author":[{"embeddable":true,"href":"https:\/\/www.lundi-vert.fr\/index.php\/wp-json\/wp\/v2\/users\/1"}],"replies":[{"embeddable":true,"href":"https:\/\/www.lundi-vert.fr\/index.php\/wp-json\/wp\/v2\/comments?post=216"}],"version-history":[{"count":4,"href":"https:\/\/www.lundi-vert.fr\/index.php\/wp-json\/wp\/v2\/pages\/216\/revisions"}],"predecessor-version":[{"id":279,"href":"https:\/\/www.lundi-vert.fr\/index.php\/wp-json\/wp\/v2\/pages\/216\/revisions\/279"}],"wp:attachment":[{"href":"https:\/\/www.lundi-vert.fr\/index.php\/wp-json\/wp\/v2\/media?parent=216"}],"curies":[{"name":"wp","href":"https:\/\/api.w.org\/{rel}","templated":true}]}}