{"id":180,"date":"2020-07-09T09:11:32","date_gmt":"2020-07-09T09:11:32","guid":{"rendered":"https:\/\/www.lundi-vert.fr\/?page_id=180"},"modified":"2020-09-28T05:58:07","modified_gmt":"2020-09-28T05:58:07","slug":"lundi-vert-2020","status":"publish","type":"page","link":"https:\/\/www.lundi-vert.fr\/","title":{"rendered":"Lundi Vert 2020"},"content":{"rendered":"\n<p>Lundi&nbsp;Vert consiste \u00e0 remplacer la viande et le poisson chaque&nbsp;lundi. Pour la plan\u00e8te, les animaux et votre sant\u00e9, il y a forc\u00e9ment une bonne raison d\u2019essayer !&nbsp;Pour cela, les l\u00e9gumineuses repr\u00e9sentent une option &#8230; lumineuse ! Mais comment les apprivoiser&nbsp;?<\/p>\n\n\n\n<p><br>En d\u00e9marrant cette nouvelle saison, vous participez \u00e0 un mouvement international d\u00e9j\u00e0 pr\u00e9sent dans quarante pays. Une fois inscrit(e), vous recevrez chaque semaine des astuces pour y arriver.&nbsp;<\/p>\n\n\n\n<p>Vous contribuerez \u00e9galement \u00e0 une recherche scientifique nationale sur le changement alimentaire.<\/p>\n\n\n\n<p><\/p>\n\n\n\n<br><hr><br>\n\n\n\n<p> Si les Fran\u00e7ais se mettaient au Lundi vert, quels serait l&#8217;impact \u00e9cologique ? On en parle dans un article de &#8220;The Conversation&#8221; : <\/p>\n\n\n\n<center><a href=\"https:\/\/theconversation.com\/le-lundi-vert-sans-viande-ni-poisson-est-loin-detre-un-gadget-ecologique-146600\" title=\"Consultez l'article\" class=\"btn btn-primary customize-unpreviewable\" target=\"_blank\" rel=\"noopener noreferrer\">Consultez l&#8217;article<\/a><\/center>\n","protected":false},"excerpt":{"rendered":"<p>Lundi&nbsp;Vert consiste \u00e0 remplacer la viande et le poisson chaque&nbsp;lundi. Pour la plan\u00e8te, les animaux et votre sant\u00e9, il y a forc\u00e9ment une bonne raison d\u2019essayer !&nbsp;Pour cela, les l\u00e9gumineuses repr\u00e9sentent une option &#8230; lumineuse ! Mais comment les apprivoiser&nbsp;? En d\u00e9marrant cette nouvelle saison, vous participez \u00e0 un mouvement [&hellip;]<\/p>\n","protected":false},"author":1,"featured_media":72,"parent":0,"menu_order":0,"comment_status":"closed","ping_status":"closed","template":"","meta":{"footnotes":""},"class_list":["post-180","page","type-page","status-publish","has-post-thumbnail","hentry"],"_links":{"self":[{"href":"https:\/\/www.lundi-vert.fr\/index.php\/wp-json\/wp\/v2\/pages\/180","targetHints":{"allow":["GET"]}}],"collection":[{"href":"https:\/\/www.lundi-vert.fr\/index.php\/wp-json\/wp\/v2\/pages"}],"about":[{"href":"https:\/\/www.lundi-vert.fr\/index.php\/wp-json\/wp\/v2\/types\/page"}],"author":[{"embeddable":true,"href":"https:\/\/www.lundi-vert.fr\/index.php\/wp-json\/wp\/v2\/users\/1"}],"replies":[{"embeddable":true,"href":"https:\/\/www.lundi-vert.fr\/index.php\/wp-json\/wp\/v2\/comments?post=180"}],"version-history":[{"count":7,"href":"https:\/\/www.lundi-vert.fr\/index.php\/wp-json\/wp\/v2\/pages\/180\/revisions"}],"predecessor-version":[{"id":289,"href":"https:\/\/www.lundi-vert.fr\/index.php\/wp-json\/wp\/v2\/pages\/180\/revisions\/289"}],"wp:featuredmedia":[{"embeddable":true,"href":"https:\/\/www.lundi-vert.fr\/index.php\/wp-json\/wp\/v2\/media\/72"}],"wp:attachment":[{"href":"https:\/\/www.lundi-vert.fr\/index.php\/wp-json\/wp\/v2\/media?parent=180"}],"curies":[{"name":"wp","href":"https:\/\/api.w.org\/{rel}","templated":true}]}}